{"id":4446,"date":"2025-12-31T15:16:55","date_gmt":"2025-12-31T14:16:55","guid":{"rendered":"https:\/\/lariojafestival.es\/?page_id=4446"},"modified":"2026-01-27T12:35:54","modified_gmt":"2026-01-27T11:35:54","slug":"placido-domingo-xabier-anduaga-sabina-puertolas-and-lucero-tena-with-adda-simfonica-and-josep-vicent-director-lyric-gala","status":"publish","type":"page","link":"https:\/\/lariojafestival.es\/en\/concerts-2026\/placido-domingo-xabier-anduaga-sabina-puertolas-and-lucero-tena-with-adda-simfonica-and-josep-vicent-director-lyric-gala\/","title":{"rendered":"Pl\u00e1cido Domingo, Xabier Anduaga, Sabina Pu\u00e9rtolas and Lucero Tena with ADDA Simf\u00f2nica and Josep Vicent (director) Lyric Gala"},"content":{"rendered":"","protected":false},"excerpt":{"rendered":"","protected":false},"author":1,"featured_media":0,"parent":4397,"menu_order":0,"comment_status":"closed","ping_status":"closed","template":"","meta":{"footnotes":""},"class_list":["post-4446","page","type-page","status-publish","hentry"],"_links":{"self":[{"href":"https:\/\/lariojafestival.es\/en\/wp-json\/wp\/v2\/pages\/4446","targetHints":{"allow":["GET"]}}],"collection":[{"href":"https:\/\/lariojafestival.es\/en\/wp-json\/wp\/v2\/pages"}],"about":[{"href":"https:\/\/lariojafestival.es\/en\/wp-json\/wp\/v2\/types\/page"}],"author":[{"embeddable":true,"href":"https:\/\/lariojafestival.es\/en\/wp-json\/wp\/v2\/users\/1"}],"replies":[{"embeddable":true,"href":"https:\/\/lariojafestival.es\/en\/wp-json\/wp\/v2\/comments?post=4446"}],"version-history":[{"count":1,"href":"https:\/\/lariojafestival.es\/en\/wp-json\/wp\/v2\/pages\/4446\/revisions"}],"predecessor-version":[{"id":4503,"href":"https:\/\/lariojafestival.es\/en\/wp-json\/wp\/v2\/pages\/4446\/revisions\/4503"}],"up":[{"embeddable":true,"href":"https:\/\/lariojafestival.es\/en\/wp-json\/wp\/v2\/pages\/4397"}],"wp:attachment":[{"href":"https:\/\/lariojafestival.es\/en\/wp-json\/wp\/v2\/media?parent=4446"}],"curies":[{"name":"wp","href":"https:\/\/api.w.org\/{rel}","templated":true}]}}